{"id":7730,"date":"2026-04-18T10:58:17","date_gmt":"2026-04-18T08:58:17","guid":{"rendered":"https:\/\/autosconchita.com\/?post_type=product&#038;p=7730"},"modified":"2026-04-18T13:00:02","modified_gmt":"2026-04-18T11:00:02","slug":"kia-xceed-1-0-t-gdi-100cv-drive","status":"publish","type":"product","link":"https:\/\/autosconchita.com\/index.php\/producto\/kia-xceed-1-0-t-gdi-100cv-drive\/","title":{"rendered":"KIA XCEED 1.0 T-GDI 100CV DRIVE"},"content":{"rendered":"<div class=\"col-print-12 col-xs-12 col-sm-6 col-md-6 col-lg-6 caracteristicas\">\n<div class=\"row\">\n<div class=\"col-print-4 col-xs-12 col-sm-12 col-md-12 col-lg-12\">\n<div class=\"caract\">\n<ul class=\"mt-PanelAdDetails-data\">\n<li class=\"mt-PanelAdDetails-dataItem\"><strong>2025<\/strong><\/li>\n<li class=\"mt-PanelAdDetails-dataItem\"><b>21.225 <\/b>km<\/li>\n<li class=\"mt-PanelAdDetails-dataItem\"><b>Blanco<\/b><\/li>\n<li class=\"mt-PanelAdDetails-dataItem\"><strong>Gasolina<\/strong><\/li>\n<li class=\"mt-PanelAdDetails-dataItem\">Garant\u00eda entre 1 y 5 a\u00f1os<strong> (Consultar)<\/strong><\/li>\n<li class=\"mt-PanelAdDetails-dataItem\">\n<div class=\"mt-PanelAdDetails-dataItemEcoLabel\">Etiqueta <img decoding=\"async\" class=\"alignnone wp-image-3736\" src=\"https:\/\/autosconchita.com\/wp-content\/uploads\/2022\/01\/ETIQUETA-C.png\" alt=\"\" width=\"37\" height=\"36\" \/><\/div>\n<\/li>\n<\/ul>\n<\/div>\n<\/div>\n<\/div>\n<\/div>\n","protected":false},"excerpt":{"rendered":"<p>2025 | 21.225 km | Gasolina<\/p>\n<h2><span class=\"sc-50lret-11 sc-18w3qry-4 gbFyQi ggdnsO\">196,31<\/span>\u00a0\u20ac\u00a0\/mes*<\/h2>\n<h6>* Ejemplo de financiaci\u00f3n del importe con una entrada de 7.000 \u20ac m\u00e1s 120 cuotas. Comisi\u00f3n de apertura al contado 3,95 %. Precio total a plazos: 30.557,20 \u20ac. TIN 6,99 %. TAE 11,19 %. Sin permanencia. Importe m\u00ednimo a financiar: 2.000 \u20ac. Incompatible con otras acciones financieras. Sujeto a condiciones de financiaci\u00f3n de las entidades colaboradoras. Para otras opciones de financiaci\u00f3n, por favor p\u00f3ngase en contacto con nosotros. Sujeto a disponibilidad del veh\u00edculo. El anuncio puede contener erratas.<\/h6>\n<p>&nbsp;<\/p>\n","protected":false},"featured_media":7751,"comment_status":"closed","ping_status":"closed","template":"","meta":{"_joinchat":{"message_send":"Hola, en que podemos ayudarte?"}},"product_brand":[],"product_cat":[34,50],"product_tag":[],"class_list":{"0":"post-7730","1":"product","2":"type-product","3":"status-publish","4":"has-post-thumbnail","6":"product_cat-ocasion","7":"product_cat-todo","9":"first","10":"instock","11":"virtual","12":"purchasable","13":"product-type-simple"},"yoast_head":"<!-- This site is optimized with the Yoast SEO plugin v27.5 - https:\/\/yoast.com\/product\/yoast-seo-wordpress\/ -->\n<title>KIA XCEED 1.0 T-GDI 100CV DRIVE - Autosconchita<\/title>\n<meta name=\"robots\" content=\"index, follow, max-snippet:-1, max-image-preview:large, max-video-preview:-1\" \/>\n<link rel=\"canonical\" href=\"https:\/\/autosconchita.com\/index.php\/producto\/kia-xceed-1-0-t-gdi-100cv-drive\/\" \/>\n<meta property=\"og:locale\" content=\"es_ES\" \/>\n<meta property=\"og:type\" content=\"article\" \/>\n<meta property=\"og:title\" content=\"KIA XCEED 1.0 T-GDI 100CV DRIVE - Autosconchita\" \/>\n<meta property=\"og:description\" content=\"2025 | 21.225 km | Gasolina 196,31\u00a0\u20ac\u00a0\/mes* * Ejemplo de financiaci\u00f3n del importe con una entrada de 7.000 \u20ac m\u00e1s 120 cuotas. Comisi\u00f3n de apertura al contado 3,95 %. Precio total a plazos: 30.557,20 \u20ac. TIN 6,99 %. TAE 11,19 %. Sin permanencia. Importe m\u00ednimo a financiar: 2.000 \u20ac. Incompatible con otras acciones financieras. Sujeto a condiciones de financiaci\u00f3n de las entidades colaboradoras. Para otras opciones de financiaci\u00f3n, por favor p\u00f3ngase en contacto con nosotros. Sujeto a disponibilidad del veh\u00edculo. El anuncio puede contener erratas. &nbsp;\" \/>\n<meta property=\"og:url\" content=\"https:\/\/autosconchita.com\/index.php\/producto\/kia-xceed-1-0-t-gdi-100cv-drive\/\" \/>\n<meta property=\"og:site_name\" content=\"Autosconchita\" \/>\n<meta property=\"article:modified_time\" content=\"2026-04-18T11:00:02+00:00\" \/>\n<meta property=\"og:image\" content=\"https:\/\/autosconchita.com\/wp-content\/uploads\/2026\/04\/784-scaled.jpg\" \/>\n\t<meta property=\"og:image:width\" content=\"2560\" \/>\n\t<meta property=\"og:image:height\" content=\"2058\" \/>\n\t<meta property=\"og:image:type\" content=\"image\/jpeg\" \/>\n<meta name=\"twitter:card\" content=\"summary_large_image\" \/>\n<meta name=\"twitter:label1\" content=\"Tiempo de lectura\" \/>\n\t<meta name=\"twitter:data1\" content=\"1 minuto\" \/>\n<script type=\"application\/ld+json\" class=\"yoast-schema-graph\">{\"@context\":\"https:\\\/\\\/schema.org\",\"@graph\":[{\"@type\":\"WebPage\",\"@id\":\"https:\\\/\\\/autosconchita.com\\\/index.php\\\/producto\\\/kia-xceed-1-0-t-gdi-100cv-drive\\\/\",\"url\":\"https:\\\/\\\/autosconchita.com\\\/index.php\\\/producto\\\/kia-xceed-1-0-t-gdi-100cv-drive\\\/\",\"name\":\"KIA XCEED 1.0 T-GDI 100CV DRIVE - Autosconchita\",\"isPartOf\":{\"@id\":\"https:\\\/\\\/autosconchita.com\\\/#website\"},\"primaryImageOfPage\":{\"@id\":\"https:\\\/\\\/autosconchita.com\\\/index.php\\\/producto\\\/kia-xceed-1-0-t-gdi-100cv-drive\\\/#primaryimage\"},\"image\":{\"@id\":\"https:\\\/\\\/autosconchita.com\\\/index.php\\\/producto\\\/kia-xceed-1-0-t-gdi-100cv-drive\\\/#primaryimage\"},\"thumbnailUrl\":\"https:\\\/\\\/autosconchita.com\\\/wp-content\\\/uploads\\\/2026\\\/04\\\/784-scaled.jpg\",\"datePublished\":\"2026-04-18T08:58:17+00:00\",\"dateModified\":\"2026-04-18T11:00:02+00:00\",\"breadcrumb\":{\"@id\":\"https:\\\/\\\/autosconchita.com\\\/index.php\\\/producto\\\/kia-xceed-1-0-t-gdi-100cv-drive\\\/#breadcrumb\"},\"inLanguage\":\"es\",\"potentialAction\":[{\"@type\":\"ReadAction\",\"target\":[\"https:\\\/\\\/autosconchita.com\\\/index.php\\\/producto\\\/kia-xceed-1-0-t-gdi-100cv-drive\\\/\"]}]},{\"@type\":\"ImageObject\",\"inLanguage\":\"es\",\"@id\":\"https:\\\/\\\/autosconchita.com\\\/index.php\\\/producto\\\/kia-xceed-1-0-t-gdi-100cv-drive\\\/#primaryimage\",\"url\":\"https:\\\/\\\/autosconchita.com\\\/wp-content\\\/uploads\\\/2026\\\/04\\\/784-scaled.jpg\",\"contentUrl\":\"https:\\\/\\\/autosconchita.com\\\/wp-content\\\/uploads\\\/2026\\\/04\\\/784-scaled.jpg\",\"width\":2560,\"height\":2058},{\"@type\":\"BreadcrumbList\",\"@id\":\"https:\\\/\\\/autosconchita.com\\\/index.php\\\/producto\\\/kia-xceed-1-0-t-gdi-100cv-drive\\\/#breadcrumb\",\"itemListElement\":[{\"@type\":\"ListItem\",\"position\":1,\"name\":\"Portada\",\"item\":\"https:\\\/\\\/autosconchita.com\\\/\"},{\"@type\":\"ListItem\",\"position\":2,\"name\":\"VEH\u00cdCULOS\",\"item\":\"https:\\\/\\\/autosconchita.com\\\/index.php\\\/vehic\\\/\"},{\"@type\":\"ListItem\",\"position\":3,\"name\":\"KIA XCEED 1.0 T-GDI 100CV DRIVE\"}]},{\"@type\":\"WebSite\",\"@id\":\"https:\\\/\\\/autosconchita.com\\\/#website\",\"url\":\"https:\\\/\\\/autosconchita.com\\\/\",\"name\":\"Autosconchita\",\"description\":\"Concesionario multimarca\",\"publisher\":{\"@id\":\"https:\\\/\\\/autosconchita.com\\\/#organization\"},\"potentialAction\":[{\"@type\":\"SearchAction\",\"target\":{\"@type\":\"EntryPoint\",\"urlTemplate\":\"https:\\\/\\\/autosconchita.com\\\/?s={search_term_string}\"},\"query-input\":{\"@type\":\"PropertyValueSpecification\",\"valueRequired\":true,\"valueName\":\"search_term_string\"}}],\"inLanguage\":\"es\"},{\"@type\":\"Organization\",\"@id\":\"https:\\\/\\\/autosconchita.com\\\/#organization\",\"name\":\"Autosconchita\",\"url\":\"https:\\\/\\\/autosconchita.com\\\/\",\"logo\":{\"@type\":\"ImageObject\",\"inLanguage\":\"es\",\"@id\":\"https:\\\/\\\/autosconchita.com\\\/#\\\/schema\\\/logo\\\/image\\\/\",\"url\":\"https:\\\/\\\/autosconchita.com\\\/wp-content\\\/uploads\\\/2021\\\/09\\\/cropped-cropped-autosconchita.png\",\"contentUrl\":\"https:\\\/\\\/autosconchita.com\\\/wp-content\\\/uploads\\\/2021\\\/09\\\/cropped-cropped-autosconchita.png\",\"width\":721,\"height\":200,\"caption\":\"Autosconchita\"},\"image\":{\"@id\":\"https:\\\/\\\/autosconchita.com\\\/#\\\/schema\\\/logo\\\/image\\\/\"}}]}<\/script>\n<!-- \/ Yoast SEO plugin. -->","yoast_head_json":{"title":"KIA XCEED 1.0 T-GDI 100CV DRIVE - Autosconchita","robots":{"index":"index","follow":"follow","max-snippet":"max-snippet:-1","max-image-preview":"max-image-preview:large","max-video-preview":"max-video-preview:-1"},"canonical":"https:\/\/autosconchita.com\/index.php\/producto\/kia-xceed-1-0-t-gdi-100cv-drive\/","og_locale":"es_ES","og_type":"article","og_title":"KIA XCEED 1.0 T-GDI 100CV DRIVE - Autosconchita","og_description":"2025 | 21.225 km | Gasolina 196,31\u00a0\u20ac\u00a0\/mes* * Ejemplo de financiaci\u00f3n del importe con una entrada de 7.000 \u20ac m\u00e1s 120 cuotas. Comisi\u00f3n de apertura al contado 3,95 %. Precio total a plazos: 30.557,20 \u20ac. TIN 6,99 %. TAE 11,19 %. Sin permanencia. Importe m\u00ednimo a financiar: 2.000 \u20ac. Incompatible con otras acciones financieras. Sujeto a condiciones de financiaci\u00f3n de las entidades colaboradoras. Para otras opciones de financiaci\u00f3n, por favor p\u00f3ngase en contacto con nosotros. Sujeto a disponibilidad del veh\u00edculo. El anuncio puede contener erratas. &nbsp;","og_url":"https:\/\/autosconchita.com\/index.php\/producto\/kia-xceed-1-0-t-gdi-100cv-drive\/","og_site_name":"Autosconchita","article_modified_time":"2026-04-18T11:00:02+00:00","og_image":[{"width":2560,"height":2058,"url":"https:\/\/autosconchita.com\/wp-content\/uploads\/2026\/04\/784-scaled.jpg","type":"image\/jpeg"}],"twitter_card":"summary_large_image","twitter_misc":{"Tiempo de lectura":"1 minuto"},"schema":{"@context":"https:\/\/schema.org","@graph":[{"@type":"WebPage","@id":"https:\/\/autosconchita.com\/index.php\/producto\/kia-xceed-1-0-t-gdi-100cv-drive\/","url":"https:\/\/autosconchita.com\/index.php\/producto\/kia-xceed-1-0-t-gdi-100cv-drive\/","name":"KIA XCEED 1.0 T-GDI 100CV DRIVE - Autosconchita","isPartOf":{"@id":"https:\/\/autosconchita.com\/#website"},"primaryImageOfPage":{"@id":"https:\/\/autosconchita.com\/index.php\/producto\/kia-xceed-1-0-t-gdi-100cv-drive\/#primaryimage"},"image":{"@id":"https:\/\/autosconchita.com\/index.php\/producto\/kia-xceed-1-0-t-gdi-100cv-drive\/#primaryimage"},"thumbnailUrl":"https:\/\/autosconchita.com\/wp-content\/uploads\/2026\/04\/784-scaled.jpg","datePublished":"2026-04-18T08:58:17+00:00","dateModified":"2026-04-18T11:00:02+00:00","breadcrumb":{"@id":"https:\/\/autosconchita.com\/index.php\/producto\/kia-xceed-1-0-t-gdi-100cv-drive\/#breadcrumb"},"inLanguage":"es","potentialAction":[{"@type":"ReadAction","target":["https:\/\/autosconchita.com\/index.php\/producto\/kia-xceed-1-0-t-gdi-100cv-drive\/"]}]},{"@type":"ImageObject","inLanguage":"es","@id":"https:\/\/autosconchita.com\/index.php\/producto\/kia-xceed-1-0-t-gdi-100cv-drive\/#primaryimage","url":"https:\/\/autosconchita.com\/wp-content\/uploads\/2026\/04\/784-scaled.jpg","contentUrl":"https:\/\/autosconchita.com\/wp-content\/uploads\/2026\/04\/784-scaled.jpg","width":2560,"height":2058},{"@type":"BreadcrumbList","@id":"https:\/\/autosconchita.com\/index.php\/producto\/kia-xceed-1-0-t-gdi-100cv-drive\/#breadcrumb","itemListElement":[{"@type":"ListItem","position":1,"name":"Portada","item":"https:\/\/autosconchita.com\/"},{"@type":"ListItem","position":2,"name":"VEH\u00cdCULOS","item":"https:\/\/autosconchita.com\/index.php\/vehic\/"},{"@type":"ListItem","position":3,"name":"KIA XCEED 1.0 T-GDI 100CV DRIVE"}]},{"@type":"WebSite","@id":"https:\/\/autosconchita.com\/#website","url":"https:\/\/autosconchita.com\/","name":"Autosconchita","description":"Concesionario multimarca","publisher":{"@id":"https:\/\/autosconchita.com\/#organization"},"potentialAction":[{"@type":"SearchAction","target":{"@type":"EntryPoint","urlTemplate":"https:\/\/autosconchita.com\/?s={search_term_string}"},"query-input":{"@type":"PropertyValueSpecification","valueRequired":true,"valueName":"search_term_string"}}],"inLanguage":"es"},{"@type":"Organization","@id":"https:\/\/autosconchita.com\/#organization","name":"Autosconchita","url":"https:\/\/autosconchita.com\/","logo":{"@type":"ImageObject","inLanguage":"es","@id":"https:\/\/autosconchita.com\/#\/schema\/logo\/image\/","url":"https:\/\/autosconchita.com\/wp-content\/uploads\/2021\/09\/cropped-cropped-autosconchita.png","contentUrl":"https:\/\/autosconchita.com\/wp-content\/uploads\/2021\/09\/cropped-cropped-autosconchita.png","width":721,"height":200,"caption":"Autosconchita"},"image":{"@id":"https:\/\/autosconchita.com\/#\/schema\/logo\/image\/"}}]}},"_links":{"self":[{"href":"https:\/\/autosconchita.com\/index.php\/wp-json\/wp\/v2\/product\/7730","targetHints":{"allow":["GET"]}}],"collection":[{"href":"https:\/\/autosconchita.com\/index.php\/wp-json\/wp\/v2\/product"}],"about":[{"href":"https:\/\/autosconchita.com\/index.php\/wp-json\/wp\/v2\/types\/product"}],"replies":[{"embeddable":true,"href":"https:\/\/autosconchita.com\/index.php\/wp-json\/wp\/v2\/comments?post=7730"}],"version-history":[{"count":2,"href":"https:\/\/autosconchita.com\/index.php\/wp-json\/wp\/v2\/product\/7730\/revisions"}],"predecessor-version":[{"id":7752,"href":"https:\/\/autosconchita.com\/index.php\/wp-json\/wp\/v2\/product\/7730\/revisions\/7752"}],"wp:featuredmedia":[{"embeddable":true,"href":"https:\/\/autosconchita.com\/index.php\/wp-json\/wp\/v2\/media\/7751"}],"wp:attachment":[{"href":"https:\/\/autosconchita.com\/index.php\/wp-json\/wp\/v2\/media?parent=7730"}],"wp:term":[{"taxonomy":"product_brand","embeddable":true,"href":"https:\/\/autosconchita.com\/index.php\/wp-json\/wp\/v2\/product_brand?post=7730"},{"taxonomy":"product_cat","embeddable":true,"href":"https:\/\/autosconchita.com\/index.php\/wp-json\/wp\/v2\/product_cat?post=7730"},{"taxonomy":"product_tag","embeddable":true,"href":"https:\/\/autosconchita.com\/index.php\/wp-json\/wp\/v2\/product_tag?post=7730"}],"curies":[{"name":"wp","href":"https:\/\/api.w.org\/{rel}","templated":true}]}}